{"id":5836,"date":"2016-02-09T16:38:46","date_gmt":"2016-02-09T14:38:46","guid":{"rendered":"http:\/\/www.decorize.de\/blog\/?page_id=5836"},"modified":"2019-09-25T09:46:54","modified_gmt":"2019-09-25T07:46:54","slug":"kreativas","status":"publish","type":"page","link":"https:\/\/www.decorize.de\/blog\/kreativas\/","title":{"rendered":"Lebe Deine Kreativit\u00e4t! &#8211; Willkommen in der Kreativas-Galerie"},"content":{"rendered":"<p style=\"text-align: left;\">Jeden Monat gibt es hier ein saisonales Thema, zu dem kreative K\u00f6pfe (Kreativas) ihre DIY-Ideen und Party- &amp; Homestyling-Projekte ver\u00f6ffentlichen, und wir m\u00f6chten Dich einladen, Dich von uns inspirieren zu lassen.<\/p>\n<p style=\"text-align: left;\">St\u00f6bere herum in den Galerien und Projekten und suche Dir Dein Lieblings-Projekt zum Nachmachen aus. Beim Klick auf das Bild gelangst Du auf die jeweilige Detailseite des Projektes, so dass Du Dir in Ruhe alles anschauen und bei der Gelegenheit auch noch viele andere, tolle Blogs und Websites kennenlernen kannst!<\/p>\n<p style=\"text-align: left;\">Viel Spa\u00df beim St\u00f6bern und Kreativ-Sein!<\/p>\n<p style=\"text-align: left;\">Deine Kreativas<\/p>\n<h3>Herrlicher Herbst<\/h3>\n<!-- start InLinkz script. added by InLinkz_scripter plugin -->\r\n                    <div class=\"InLinkzContainer\"  id=\"665612\" pageSize=60 ><img alt=\"Lebe Deine Kreativit\u00e4t! - Willkommen in der Kreativas-Galerie\" src=\/\/cdn2.inlinkz.com\/load.gif border=0>&nbsp;Loading InLinkz ...<\/div>\r\n                    <script type=\"text\/javascript\" src=\"\/\/static.inlinkz.com\/cs2.js?v=018\"><\/script>\r\n                <!-- inlinkz script end -->\n<h3>&nbsp;<\/h3>\n<h3>Happy Halloween<\/h3>\n<!-- start InLinkz script. added by InLinkz_scripter plugin -->\r\n                    <div class=\"InLinkzContainer\"  id=\"665615\" pageSize=60 ><img alt=\"Lebe Deine Kreativit\u00e4t! - Willkommen in der Kreativas-Galerie\" src=\/\/cdn2.inlinkz.com\/load.gif border=0>&nbsp;Loading InLinkz ...<\/div>\r\n                    <script type=\"text\/javascript\" src=\"\/\/static.inlinkz.com\/cs2.js?v=018\"><\/script>\r\n                <!-- inlinkz script end -->\n<p style=\"text-align: left;\">&nbsp;<\/p>\n<h3>Oh du sch\u00f6ne Weihnachtszeit!<\/h3>\n<!-- start InLinkz script. added by InLinkz_scripter plugin -->\r\n                    <div class=\"InLinkzContainer\"  id=\"676434\" pageSize=60 ><img alt=\"Lebe Deine Kreativit\u00e4t! - Willkommen in der Kreativas-Galerie\" src=\/\/cdn2.inlinkz.com\/load.gif border=0>&nbsp;Loading InLinkz ...<\/div>\r\n                    <script type=\"text\/javascript\" src=\"\/\/static.inlinkz.com\/cs2.js?v=018\"><\/script>\r\n                <!-- inlinkz script end -->\n<h3>&nbsp;<\/h3>\n<h3>Prost Neujahr!<\/h3>\n<!-- start InLinkz script. added by InLinkz_scripter plugin -->\r\n                    <div class=\"InLinkzContainer\"  id=\"685712\" pageSize=60 ><img alt=\"Lebe Deine Kreativit\u00e4t! - Willkommen in der Kreativas-Galerie\" src=\/\/cdn2.inlinkz.com\/load.gif border=0>&nbsp;Loading InLinkz ...<\/div>\r\n                    <script type=\"text\/javascript\" src=\"\/\/static.inlinkz.com\/cs2.js?v=018\"><\/script>\r\n                <!-- inlinkz script end -->\n<p>&nbsp;<\/p>\n<h3>OSTERN<\/h3>\n<!-- start InLinkz script. added by InLinkz_scripter plugin -->\r\n                    <div class=\"InLinkzContainer\"  id=\"606956\" pageSize=60 ><img alt=\"Lebe Deine Kreativit\u00e4t! - Willkommen in der Kreativas-Galerie\" src=\/\/cdn2.inlinkz.com\/load.gif border=0>&nbsp;Loading InLinkz ...<\/div>\r\n                    <script type=\"text\/javascript\" src=\"\/\/static.inlinkz.com\/cs2.js?v=018\"><\/script>\r\n                <!-- inlinkz script end -->\n<p>&nbsp;<\/p>\n<h3>FR\u00dcHLINGSIDEEN<\/h3>\n<!-- start InLinkz script. added by InLinkz_scripter plugin -->\r\n                    <div class=\"InLinkzContainer\"  id=\"606957\" pageSize=60 ><img alt=\"Lebe Deine Kreativit\u00e4t! - Willkommen in der Kreativas-Galerie\" src=\/\/cdn2.inlinkz.com\/load.gif border=0>&nbsp;Loading InLinkz ...<\/div>\r\n                    <script type=\"text\/javascript\" src=\"\/\/static.inlinkz.com\/cs2.js?v=018\"><\/script>\r\n                <!-- inlinkz script end -->\n<p>&nbsp;<\/p>\n<h3>Muttertag + Vatertag<\/h3>\n<!-- start InLinkz script. added by InLinkz_scripter plugin -->\r\n                    <div class=\"InLinkzContainer\"  id=\"625774\" pageSize=60 ><img alt=\"Lebe Deine Kreativit\u00e4t! - Willkommen in der Kreativas-Galerie\" src=\/\/cdn2.inlinkz.com\/load.gif border=0>&nbsp;Loading InLinkz ...<\/div>\r\n                    <script type=\"text\/javascript\" src=\"\/\/static.inlinkz.com\/cs2.js?v=018\"><\/script>\r\n                <!-- inlinkz script end -->\n<p>&nbsp;<\/p>\n<h2>Handmade Hochzeit<\/h2>\n<div class=\"inlinkz-widget\" style=\"width: 100%; margin: 30px 0; background-color: #eceff1; border-radius: 7px; text-align: center; font-size: 16px; font-family: 'Helvetica Neue',Helvetica,Arial,sans-serif;\" data-uuid=\"77e14d7edfbc4aea96bc193597d8cda0\">\n<div style=\"padding: 8px;\">\n<p style=\"margin-bottom: 15px;\">You are invited to the <strong>Inlinkz<\/strong> link party!<\/p>\n<p><a style=\"padding: 5px 20px; background: #209cee; text-decoration: none; color: #efefef; border-radius: 4px;\" href=\"https:\/\/fresh.inlinkz.com\/p\/77e14d7edfbc4aea96bc193597d8cda0\" target=\"_blank\" rel=\"noopener nofollow\">Click here to enter<\/a><\/p>\n<\/div>\n<\/div>\n<p><span style=\"display: none;\"><br \/>\n<script src=\"https:\/\/fresh.inlinkz.com\/js\/widget\/load.js?id=76159bd4ca438d83f080\" async=\"true\"><\/script><br \/>\n<\/span>&nbsp;<\/p>\n<h3>SUMMERTIME<\/h3>\n<!-- start InLinkz script. added by InLinkz_scripter plugin -->\r\n                    <div class=\"InLinkzContainer\"  id=\"606961\" pageSize=60 ><img alt=\"Lebe Deine Kreativit\u00e4t! - Willkommen in der Kreativas-Galerie\" src=\/\/cdn2.inlinkz.com\/load.gif border=0>&nbsp;Loading InLinkz ...<\/div>\r\n                    <script type=\"text\/javascript\" src=\"\/\/static.inlinkz.com\/cs2.js?v=018\"><\/script>\r\n                <!-- inlinkz script end -->\n<p>&nbsp;<\/p>\n<h3>&nbsp;Sommer BBQ<\/h3>\n<!-- start InLinkz script. added by InLinkz_scripter plugin -->\r\n                    <div class=\"InLinkzContainer\"  id=\"659469\" pageSize=60 ><img alt=\"Lebe Deine Kreativit\u00e4t! - Willkommen in der Kreativas-Galerie\" src=\/\/cdn2.inlinkz.com\/load.gif border=0>&nbsp;Loading InLinkz ...<\/div>\r\n                    <script type=\"text\/javascript\" src=\"\/\/static.inlinkz.com\/cs2.js?v=018\"><\/script>\r\n                <!-- inlinkz script end -->\n<p>&nbsp;<\/p>\n<h3>PICKNICK<\/h3>\n<!-- start InLinkz script. added by InLinkz_scripter plugin -->\r\n                    <div class=\"InLinkzContainer\"  id=\"606961\" pageSize=60 ><img alt=\"Lebe Deine Kreativit\u00e4t! - Willkommen in der Kreativas-Galerie\" src=\/\/cdn2.inlinkz.com\/load.gif border=0>&nbsp;Loading InLinkz ...<\/div>\r\n                    <script type=\"text\/javascript\" src=\"\/\/static.inlinkz.com\/cs2.js?v=018\"><\/script>\r\n                <!-- inlinkz script end -->\n<p>&nbsp;<\/p>\n<h3>FUSSBALL WM<\/h3>\n<!-- start InLinkz script. added by InLinkz_scripter plugin -->\r\n                    <div class=\"InLinkzContainer\"  id=\"784980\" pageSize=60 ><img alt=\"Lebe Deine Kreativit\u00e4t! - Willkommen in der Kreativas-Galerie\" src=\/\/cdn2.inlinkz.com\/load.gif border=0>&nbsp;Loading InLinkz ...<\/div>\r\n                    <script type=\"text\/javascript\" src=\"\/\/static.inlinkz.com\/cs2.js?v=018\"><\/script>\r\n                <!-- inlinkz script end -->\n<p>&nbsp;<\/p>\n<h3>VALENTINSTAG<\/h3>\n<h6><!-- start InLinkz script. added by InLinkz_scripter plugin -->\r\n                    <div class=\"InLinkzContainer\"  id=\"606778\" pageSize=60 ><img alt=\"Lebe Deine Kreativit\u00e4t! - Willkommen in der Kreativas-Galerie\" src=\/\/cdn2.inlinkz.com\/load.gif border=0>&nbsp;Loading InLinkz ...<\/div>\r\n                    <script type=\"text\/javascript\" src=\"\/\/static.inlinkz.com\/cs2.js?v=018\"><\/script>\r\n                <!-- inlinkz script end --><\/h6>\n<p>&nbsp;<\/p>\n<p>&nbsp;<\/p>\n<p>&nbsp;<\/p>\n<h3>&nbsp;<\/h3>\n<p>&nbsp;<\/p>\n<p>&nbsp;<\/p>\n<p>&nbsp;<\/p>\n","protected":false},"excerpt":{"rendered":"<p>Jeden Monat gibt es hier ein saisonales Thema, zu dem kreative K\u00f6pfe (Kreativas) ihre DIY-Ideen und Party- &amp; Homestyling-Projekte ver\u00f6ffentlichen,<\/p>\n","protected":false},"author":358,"featured_media":0,"parent":0,"menu_order":7,"comment_status":"closed","ping_status":"closed","template":"","meta":{"ngg_post_thumbnail":0,"jetpack_post_was_ever_published":false,"footnotes":""},"class_list":["post-5836","page","type-page","status-publish"],"jetpack_sharing_enabled":true,"jetpack_shortlink":"https:\/\/wp.me\/P77wUQ-1w8","_links":{"self":[{"href":"https:\/\/www.decorize.de\/blog\/wp-json\/wp\/v2\/pages\/5836"}],"collection":[{"href":"https:\/\/www.decorize.de\/blog\/wp-json\/wp\/v2\/pages"}],"about":[{"href":"https:\/\/www.decorize.de\/blog\/wp-json\/wp\/v2\/types\/page"}],"author":[{"embeddable":true,"href":"https:\/\/www.decorize.de\/blog\/wp-json\/wp\/v2\/users\/358"}],"replies":[{"embeddable":true,"href":"https:\/\/www.decorize.de\/blog\/wp-json\/wp\/v2\/comments?post=5836"}],"version-history":[{"count":108,"href":"https:\/\/www.decorize.de\/blog\/wp-json\/wp\/v2\/pages\/5836\/revisions"}],"predecessor-version":[{"id":12485,"href":"https:\/\/www.decorize.de\/blog\/wp-json\/wp\/v2\/pages\/5836\/revisions\/12485"}],"wp:attachment":[{"href":"https:\/\/www.decorize.de\/blog\/wp-json\/wp\/v2\/media?parent=5836"}],"curies":[{"name":"wp","href":"https:\/\/api.w.org\/{rel}","templated":true}]}}