{"id":3671,"date":"2015-04-23T12:11:42","date_gmt":"2015-04-23T10:11:42","guid":{"rendered":"http:\/\/www.decorize.de\/blog\/?page_id=3671"},"modified":"2015-05-12T23:09:27","modified_gmt":"2015-05-12T21:09:27","slug":"was-wir-tun","status":"publish","type":"page","link":"https:\/\/www.decorize.de\/blog\/who-we-are\/was-wir-tun\/","title":{"rendered":"Was wir tun"},"content":{"rendered":"<p><a href=\"https:\/\/www.decorize.de\/blog\/wp-content\/uploads\/2015\/04\/Trenner-Produktdesign.jpg\"><img loading=\"lazy\" decoding=\"async\" class=\"aligncenter size-full wp-image-3692\" src=\"https:\/\/www.decorize.de\/blog\/wp-content\/uploads\/2015\/04\/Trenner-Produktdesign.jpg\" alt=\"Trenner Produktdesign\" width=\"673\" height=\"82\" srcset=\"https:\/\/www.decorize.de\/blog\/wp-content\/uploads\/2015\/04\/Trenner-Produktdesign.jpg 673w, https:\/\/www.decorize.de\/blog\/wp-content\/uploads\/2015\/04\/Trenner-Produktdesign-300x36.jpg 300w, https:\/\/www.decorize.de\/blog\/wp-content\/uploads\/2015\/04\/Trenner-Produktdesign-600x73.jpg 600w, https:\/\/www.decorize.de\/blog\/wp-content\/uploads\/2015\/04\/Trenner-Produktdesign-250x30.jpg 250w\" sizes=\"(max-width: 673px) 100vw, 673px\" \/><\/a><\/p>\n<p>Was wir tun? Mit unserem Label Decorize entwerfen und kreieren wir mit viel Liebe zum Detail Deko-Kollektionen f\u00fcr saisonale Feste wie beispielsweise die &#8220;Schm\u00fcck-Kiste&#8221;\u00a0f\u00fcr Geburtstage, Weihnachten, Hochzeit und Taufe. Die Schm\u00fcck-Kiste ist ein Papeterie-Set zum Dekorieren von Festtafeln, Buffets und Candy Bars. Die Schm\u00fcck-Kiste sowie\u00a0Girlanden, Karten-Sets und Teller-Tattoos im passenden Design sind in unserem Online-Shop sowie den Einzelhandel erh\u00e4ltlich.<\/p>\n<p>Nach dem Motto &#8220;Style your Party!&#8221; lassen sich in unserem DIY-Studio Papeterie-Designs (Printables) zum Selberausdrucken herunterladen.<\/p>\n<p>Dar\u00fcber hinaus entwickeln wir tailormade Produkte f\u00fcr Unternehmen und Handel, wie z.B. Impressionen Versand.<\/p>\n<p>&nbsp;<\/p>\n<p><a href=\"https:\/\/www.decorize.de\/blog\/wp-content\/uploads\/2015\/04\/Trenner-B\u00fccher.jpg\"><img loading=\"lazy\" decoding=\"async\" class=\"aligncenter size-full wp-image-3691\" src=\"https:\/\/www.decorize.de\/blog\/wp-content\/uploads\/2015\/04\/Trenner-B\u00fccher.jpg\" alt=\"Trenner B\u00fccher\" width=\"673\" height=\"82\" srcset=\"https:\/\/www.decorize.de\/blog\/wp-content\/uploads\/2015\/04\/Trenner-B\u00fccher.jpg 673w, https:\/\/www.decorize.de\/blog\/wp-content\/uploads\/2015\/04\/Trenner-B\u00fccher-300x36.jpg 300w, https:\/\/www.decorize.de\/blog\/wp-content\/uploads\/2015\/04\/Trenner-B\u00fccher-600x73.jpg 600w, https:\/\/www.decorize.de\/blog\/wp-content\/uploads\/2015\/04\/Trenner-B\u00fccher-250x30.jpg 250w\" sizes=\"(max-width: 673px) 100vw, 673px\" \/><\/a><\/p>\n<p>Im Oktober 2014 erschien unser erstes Buch &#8220;Wir feiern! Effektvolle Party-Ideen f\u00fcr die sch\u00f6nsten Feste des Jahres&#8221; im Frech Verlag. Zu neun verschiedenen Fest- und Feieranl\u00e4ssen zeigen wir dort Dekorationen und DIY Step-by-Step Anleitungen. Alle im Buch gezeigten Designs sind mit Hilfe einer beiliegenden CD individualisier- und ausdruckbar.<\/p>\n<p>Im Oktober 2015 erscheinen 2 weitere B\u00fccher von uns im Frech Verlag zu den Themen Konfirmation und Kommunion mit personalisierbaren Designs f\u00fcr Einladungen, Tisch-Deko usw.<\/p>\n<p>&nbsp;<\/p>\n<p><a href=\"https:\/\/www.decorize.de\/blog\/wp-content\/uploads\/2015\/04\/Trenner-Workshops2.jpg\"><img loading=\"lazy\" decoding=\"async\" class=\"aligncenter size-full wp-image-3687\" src=\"https:\/\/www.decorize.de\/blog\/wp-content\/uploads\/2015\/04\/Trenner-Workshops2.jpg\" alt=\"Trenner Workshops\" width=\"673\" height=\"82\" srcset=\"https:\/\/www.decorize.de\/blog\/wp-content\/uploads\/2015\/04\/Trenner-Workshops2.jpg 673w, https:\/\/www.decorize.de\/blog\/wp-content\/uploads\/2015\/04\/Trenner-Workshops2-300x36.jpg 300w, https:\/\/www.decorize.de\/blog\/wp-content\/uploads\/2015\/04\/Trenner-Workshops2-600x73.jpg 600w, https:\/\/www.decorize.de\/blog\/wp-content\/uploads\/2015\/04\/Trenner-Workshops2-250x30.jpg 250w\" sizes=\"(max-width: 673px) 100vw, 673px\" \/><\/a><\/p>\n<p>Unter dem Motto &#8220;Do it yourself &amp; Do it together!&#8221; haben wir eine Kreativ-Party-Reihe gestartet, um unsere Begeisterung f\u00fcr DIY-Projekte mit anderen zu teilen und gemeinsam kreativ zu sein. Zu einem saisonalen Thema werkeln ca 25 &#8211; 30 Kreative an verschiedenen Stationen DIY-Projekte.<\/p>\n<p>&nbsp;<\/p>\n<p><a href=\"https:\/\/www.decorize.de\/blog\/wp-content\/uploads\/2015\/04\/Trenner-Partystyling.jpg\"><img loading=\"lazy\" decoding=\"async\" class=\"aligncenter size-full wp-image-3693\" src=\"https:\/\/www.decorize.de\/blog\/wp-content\/uploads\/2015\/04\/Trenner-Partystyling.jpg\" alt=\"Trenner Partystyling\" width=\"673\" height=\"82\" srcset=\"https:\/\/www.decorize.de\/blog\/wp-content\/uploads\/2015\/04\/Trenner-Partystyling.jpg 673w, https:\/\/www.decorize.de\/blog\/wp-content\/uploads\/2015\/04\/Trenner-Partystyling-300x36.jpg 300w, https:\/\/www.decorize.de\/blog\/wp-content\/uploads\/2015\/04\/Trenner-Partystyling-600x73.jpg 600w, https:\/\/www.decorize.de\/blog\/wp-content\/uploads\/2015\/04\/Trenner-Partystyling-250x30.jpg 250w\" sizes=\"(max-width: 673px) 100vw, 673px\" \/><\/a><\/p>\n<p>F\u00fcr uns ist Party-Deko eine Leidenschaft. Wir stylen mit Hingabe jede noch so kleine Kleinigkeit, damit alles perfekt zusammenpasst und die G\u00e4ste begeistert sind. Und weil uns das planen und schm\u00fccken von Festen so gl\u00fccklich macht, stylen wir nicht nur unsere eigenen Parties und die von Freunden, sondern entwickeln auch mit Begeisterung Party-Styling-Konzepte f\u00fcr andere. Bei Interesse schreibt uns gern eine Email an info@decorize.de.<\/p>\n<p>&nbsp;<\/p>\n<p>&nbsp;<\/p>\n","protected":false},"excerpt":{"rendered":"<p>Was wir tun? Mit unserem Label Decorize entwerfen und kreieren wir mit viel Liebe zum Detail Deko-Kollektionen f\u00fcr saisonale Feste<\/p>\n","protected":false},"author":358,"featured_media":0,"parent":11,"menu_order":0,"comment_status":"open","ping_status":"open","template":"","meta":{"ngg_post_thumbnail":0,"jetpack_post_was_ever_published":false,"footnotes":""},"class_list":["post-3671","page","type-page","status-publish"],"jetpack_sharing_enabled":true,"jetpack_shortlink":"https:\/\/wp.me\/P77wUQ-Xd","_links":{"self":[{"href":"https:\/\/www.decorize.de\/blog\/wp-json\/wp\/v2\/pages\/3671"}],"collection":[{"href":"https:\/\/www.decorize.de\/blog\/wp-json\/wp\/v2\/pages"}],"about":[{"href":"https:\/\/www.decorize.de\/blog\/wp-json\/wp\/v2\/types\/page"}],"author":[{"embeddable":true,"href":"https:\/\/www.decorize.de\/blog\/wp-json\/wp\/v2\/users\/358"}],"replies":[{"embeddable":true,"href":"https:\/\/www.decorize.de\/blog\/wp-json\/wp\/v2\/comments?post=3671"}],"version-history":[{"count":14,"href":"https:\/\/www.decorize.de\/blog\/wp-json\/wp\/v2\/pages\/3671\/revisions"}],"predecessor-version":[{"id":3887,"href":"https:\/\/www.decorize.de\/blog\/wp-json\/wp\/v2\/pages\/3671\/revisions\/3887"}],"up":[{"embeddable":true,"href":"https:\/\/www.decorize.de\/blog\/wp-json\/wp\/v2\/pages\/11"}],"wp:attachment":[{"href":"https:\/\/www.decorize.de\/blog\/wp-json\/wp\/v2\/media?parent=3671"}],"curies":[{"name":"wp","href":"https:\/\/api.w.org\/{rel}","templated":true}]}}