{"id":2712,"date":"2015-02-14T22:50:05","date_gmt":"2015-02-14T20:50:05","guid":{"rendered":"http:\/\/www.decorize.de\/blog\/?page_id=2712"},"modified":"2019-02-21T19:56:40","modified_gmt":"2019-02-21T18:56:40","slug":"werbung-kooperationen","status":"publish","type":"page","link":"https:\/\/www.decorize.de\/blog\/who-we-are\/werbung-kooperationen\/","title":{"rendered":"Werbung &#038; Kooperationen"},"content":{"rendered":"<p>Bei Decorize geht&#8217;s um die sch\u00f6nsten Feste des Jahres &#8211; um saisonale Deko in unserem Zuhause, unseren G\u00e4rten und bei unseren Freunden. Kein Fest ist uns zu klein und kein Anlass zu unbedeutend, denn wir finden: jeder noch so kleine Anlass verdient es, h\u00fcbsch in Szene gesetzt und gefeiert zu werden.<\/p>\n<p>Dokumentiert mit&nbsp;hochwertigen Fotos und Videos aus unseren Eigenproduktionen, berichten wir von den sch\u00f6nsten Parties, liefern traumhafte Inspirationen und zeigen die DIY-Projekte, mit denen wir uns gl\u00fccklich schm\u00fccken. Wir berichten dabei \u00fcber das ganze Spektrum eines gelungenen Festes, angefangen bei der Dekoration des Tisches \u00fcber das passende Outfit und&nbsp;die richtige Location bis hin zu Food &amp; Drinks passend zum Party-Thema.<\/p>\n<p>&nbsp;<\/p>\n<h3><a href=\"https:\/\/www.decorize.de\/blog\/wp-content\/uploads\/2015\/02\/Trenner-Marke.jpg\"><img loading=\"lazy\" decoding=\"async\" class=\"aligncenter size-full wp-image-3699\" src=\"https:\/\/www.decorize.de\/blog\/wp-content\/uploads\/2015\/02\/Trenner-Marke.jpg\" alt=\"Trenner Marke\" width=\"673\" height=\"82\" srcset=\"https:\/\/www.decorize.de\/blog\/wp-content\/uploads\/2015\/02\/Trenner-Marke.jpg 673w, https:\/\/www.decorize.de\/blog\/wp-content\/uploads\/2015\/02\/Trenner-Marke-300x36.jpg 300w, https:\/\/www.decorize.de\/blog\/wp-content\/uploads\/2015\/02\/Trenner-Marke-600x73.jpg 600w, https:\/\/www.decorize.de\/blog\/wp-content\/uploads\/2015\/02\/Trenner-Marke-250x30.jpg 250w\" sizes=\"(max-width: 673px) 100vw, 673px\" \/><\/a><\/h3>\n<p>&nbsp;<\/p>\n<p>Wenn Sie der Meinung sind, dass Ihr Produkt oder Ihre Marke gut zu den Inhalten unseres Blogs und unserer Leserschaft passt, so nehmen Sie Kontakt mit uns auf. Wir freuen uns, Sie als unseren Werbe- oder Kooperationspartner begr\u00fc\u00dfen zu d\u00fcrfen, wenn auch wir finden, dass wir gut zueinander passen!<\/p>\n<p>&nbsp;<\/p>\n<p><a href=\"https:\/\/www.decorize.de\/blog\/wp-content\/uploads\/2015\/02\/Trenner-Werbung.jpg\"><img loading=\"lazy\" decoding=\"async\" class=\"aligncenter size-full wp-image-3700\" src=\"https:\/\/www.decorize.de\/blog\/wp-content\/uploads\/2015\/02\/Trenner-Werbung.jpg\" alt=\"Trenner Werbung\" width=\"673\" height=\"82\" srcset=\"https:\/\/www.decorize.de\/blog\/wp-content\/uploads\/2015\/02\/Trenner-Werbung.jpg 673w, https:\/\/www.decorize.de\/blog\/wp-content\/uploads\/2015\/02\/Trenner-Werbung-300x36.jpg 300w, https:\/\/www.decorize.de\/blog\/wp-content\/uploads\/2015\/02\/Trenner-Werbung-600x73.jpg 600w, https:\/\/www.decorize.de\/blog\/wp-content\/uploads\/2015\/02\/Trenner-Werbung-250x30.jpg 250w\" sizes=\"(max-width: 673px) 100vw, 673px\" \/><\/a><\/p>\n<p>&nbsp;<\/p>\n<p>In unserer Sidebar auf Start- oder Themenseiten bieten wir Ihnen Platz f\u00fcr die Pr\u00e4sentation Ihrer Marke oder Produkte. Verschiedene Bannerformate und Platzierungen sind hierbei m\u00f6glich. F\u00fcr Details sprechen wir am besten pers\u00f6nlich \u00fcber Ihre W\u00fcnsche und Vorstellungen.<\/p>\n<p>&nbsp;<\/p>\n<p><a href=\"https:\/\/www.decorize.de\/blog\/wp-content\/uploads\/2015\/02\/Trenner-Koop.jpg\"><img loading=\"lazy\" decoding=\"async\" class=\"aligncenter size-full wp-image-3701\" src=\"https:\/\/www.decorize.de\/blog\/wp-content\/uploads\/2015\/02\/Trenner-Koop.jpg\" alt=\"Trenner Koop\" width=\"673\" height=\"82\" srcset=\"https:\/\/www.decorize.de\/blog\/wp-content\/uploads\/2015\/02\/Trenner-Koop.jpg 673w, https:\/\/www.decorize.de\/blog\/wp-content\/uploads\/2015\/02\/Trenner-Koop-300x36.jpg 300w, https:\/\/www.decorize.de\/blog\/wp-content\/uploads\/2015\/02\/Trenner-Koop-600x73.jpg 600w, https:\/\/www.decorize.de\/blog\/wp-content\/uploads\/2015\/02\/Trenner-Koop-250x30.jpg 250w\" sizes=\"(max-width: 673px) 100vw, 673px\" \/><\/a><\/p>\n<h3>&nbsp;<\/h3>\n<p>F\u00fcr die Dekoration unserer Feste und die dazugeh\u00f6rigen&nbsp;DIY-Projekte arbeiten wir mit den verschiedensten Materialien und Accessoires und integrieren unsere Bezugsquellen auf Wunsch unserer Partner in die Berichterstattung. In unserem Shopping-Guide am Ende eines Blog-Posts fassen wir die verwendeten Produkte \u00fcbersichtlich zusammen und verlinken gern auf Ihre H\u00e4ndler oder Ihren Online-Shop. Ein Beispiel f\u00fcr die Integration in unserem Shopping-Guide <a href=\"https:\/\/www.decorize.de\/blog\/winterlicher-pompom-kranz\/\" target=\"_blank\" rel=\"noopener\">finden Sie hier<\/a>.<\/p>\n<p>&nbsp;<\/p>\n<p><a href=\"https:\/\/www.decorize.de\/blog\/wp-content\/uploads\/2015\/02\/Trenner-Kreativpartner.jpg\"><img loading=\"lazy\" decoding=\"async\" class=\"aligncenter size-full wp-image-3702\" src=\"https:\/\/www.decorize.de\/blog\/wp-content\/uploads\/2015\/02\/Trenner-Kreativpartner.jpg\" alt=\"Trenner Kreativpartner\" width=\"673\" height=\"82\" srcset=\"https:\/\/www.decorize.de\/blog\/wp-content\/uploads\/2015\/02\/Trenner-Kreativpartner.jpg 673w, https:\/\/www.decorize.de\/blog\/wp-content\/uploads\/2015\/02\/Trenner-Kreativpartner-300x36.jpg 300w, https:\/\/www.decorize.de\/blog\/wp-content\/uploads\/2015\/02\/Trenner-Kreativpartner-600x73.jpg 600w, https:\/\/www.decorize.de\/blog\/wp-content\/uploads\/2015\/02\/Trenner-Kreativpartner-250x30.jpg 250w\" sizes=\"(max-width: 673px) 100vw, 673px\" \/><\/a><\/p>\n<p>&nbsp;<\/p>\n<p>\u00dcber unsere regul\u00e4ren Blog-Beitr\u00e4ge hinaus, bieten auch unsere Kreativ-Parties zahlreiche M\u00f6glichkeiten f\u00fcr Ihr Unternehmen und Ihre Produkte, sich der Zielgruppe zu pr\u00e4sentieren: live vor Ort auf der Veranstaltung sowie im Nachgang in unserer Berichterstattung \u00fcber unsere Social-Media-Kan\u00e4le. N\u00e4here Informationen zu unseren Kreativ-Parties sowie ein Video f\u00fcr einen Einblick in die Veranstaltung finden Sie <a href=\"http:\/\/https:\/\/www.decorize.de\/blog\/workshops\/\" target=\"_blank\" rel=\"noopener\">hier<\/a>.<\/p>\n<p>&nbsp;<\/p>\n<p><a href=\"https:\/\/www.decorize.de\/blog\/wp-content\/uploads\/2015\/02\/Trenner-Blogger.jpg\"><img loading=\"lazy\" decoding=\"async\" class=\"aligncenter size-full wp-image-3703\" src=\"https:\/\/www.decorize.de\/blog\/wp-content\/uploads\/2015\/02\/Trenner-Blogger.jpg\" alt=\"Trenner Blogger\" width=\"673\" height=\"82\" srcset=\"https:\/\/www.decorize.de\/blog\/wp-content\/uploads\/2015\/02\/Trenner-Blogger.jpg 673w, https:\/\/www.decorize.de\/blog\/wp-content\/uploads\/2015\/02\/Trenner-Blogger-300x36.jpg 300w, https:\/\/www.decorize.de\/blog\/wp-content\/uploads\/2015\/02\/Trenner-Blogger-600x73.jpg 600w, https:\/\/www.decorize.de\/blog\/wp-content\/uploads\/2015\/02\/Trenner-Blogger-250x30.jpg 250w\" sizes=\"(max-width: 673px) 100vw, 673px\" \/><\/a><\/p>\n<p>&nbsp;<\/p>\n<p>Du bist Blogger und hast Lust, dich mit uns zu vernetzen und gemeinsam mit uns ein spannendes Projekt in deinem oder unserem Blog umzusetzen? Prima, wir auch! Wir sind gro\u00dfe Fans von Kooperationen unter Bloggern und freuen uns auf deine Nachricht oder Anruf!<\/p>\n<p>&nbsp;<\/p>\n<p>&nbsp;<\/p>\n<p>Kontaktieren Sie uns&nbsp;unter hallo@decorize.de bei Interesse an einer Zusammenarbeit mit uns und lassen Sie uns gemeinsam kreativ werden bei der Umsetzung Ihres Engagements in unserem Blog. Wir freuen uns schon darauf, uns gemeinsam mit Ihnen gl\u00fccklich zu schm\u00fccken!<\/p>\n<p>Ihre<\/p>\n<p><a href=\"https:\/\/www.decorize.de\/blog\/wp-content\/uploads\/2014\/01\/Blog-Signatur-e1390738164113.png\"><img loading=\"lazy\" decoding=\"async\" class=\"size-full wp-image-355 alignleft\" src=\"https:\/\/www.decorize.de\/blog\/wp-content\/uploads\/2014\/01\/Blog-Signatur-e1390738164113.png\" alt=\"Blog Signatur\" width=\"300\" height=\"118\" srcset=\"https:\/\/www.decorize.de\/blog\/wp-content\/uploads\/2014\/01\/Blog-Signatur-e1390738164113.png 300w, https:\/\/www.decorize.de\/blog\/wp-content\/uploads\/2014\/01\/Blog-Signatur-e1390738164113-250x98.png 250w\" sizes=\"(max-width: 300px) 100vw, 300px\" \/><\/a><\/p>\n","protected":false},"excerpt":{"rendered":"<p>Bei Decorize geht&#8217;s um die sch\u00f6nsten Feste des Jahres &#8211; um saisonale Deko in unserem Zuhause, unseren G\u00e4rten und bei<\/p>\n","protected":false},"author":358,"featured_media":0,"parent":11,"menu_order":8,"comment_status":"closed","ping_status":"closed","template":"","meta":{"ngg_post_thumbnail":0,"jetpack_post_was_ever_published":false,"footnotes":""},"class_list":["post-2712","page","type-page","status-publish"],"jetpack_sharing_enabled":true,"jetpack_shortlink":"https:\/\/wp.me\/P77wUQ-HK","_links":{"self":[{"href":"https:\/\/www.decorize.de\/blog\/wp-json\/wp\/v2\/pages\/2712"}],"collection":[{"href":"https:\/\/www.decorize.de\/blog\/wp-json\/wp\/v2\/pages"}],"about":[{"href":"https:\/\/www.decorize.de\/blog\/wp-json\/wp\/v2\/types\/page"}],"author":[{"embeddable":true,"href":"https:\/\/www.decorize.de\/blog\/wp-json\/wp\/v2\/users\/358"}],"replies":[{"embeddable":true,"href":"https:\/\/www.decorize.de\/blog\/wp-json\/wp\/v2\/comments?post=2712"}],"version-history":[{"count":30,"href":"https:\/\/www.decorize.de\/blog\/wp-json\/wp\/v2\/pages\/2712\/revisions"}],"predecessor-version":[{"id":12066,"href":"https:\/\/www.decorize.de\/blog\/wp-json\/wp\/v2\/pages\/2712\/revisions\/12066"}],"up":[{"embeddable":true,"href":"https:\/\/www.decorize.de\/blog\/wp-json\/wp\/v2\/pages\/11"}],"wp:attachment":[{"href":"https:\/\/www.decorize.de\/blog\/wp-json\/wp\/v2\/media?parent=2712"}],"curies":[{"name":"wp","href":"https:\/\/api.w.org\/{rel}","templated":true}]}}